{"id":663,"date":"2023-04-01T15:19:31","date_gmt":"2023-04-01T06:19:31","guid":{"rendered":"https:\/\/wc2023.jc-iftomm.org\/?page_id=663"},"modified":"2023-11-01T00:05:30","modified_gmt":"2023-10-31T15:05:30","slug":"tutrials","status":"publish","type":"page","link":"https:\/\/wc2023.jc-iftomm.org\/?page_id=663","title":{"rendered":"Tutorials"},"content":{"rendered":"\n<p><strong><mark style=\"background-color:rgba(0, 0, 0, 0);color:#ff0000\" class=\"has-inline-color\">Notice:<\/mark><\/strong> <strong><mark style=\"background-color:rgba(0, 0, 0, 0);color:#ff0000\" class=\"has-inline-color\">Please go directly to the room of each tutorial.<\/mark><\/strong><\/p>\n\n\n\n<h2 class=\"wp-block-heading\">List of tutrials<\/h2>\n\n\n\n<ul class=\"has-background wp-block-list\" style=\"background-color:#f1f1f1;font-size:14px;font-style:normal;font-weight:500;text-transform:capitalize\">\n<li><a href=\"#Machine-Learning\" data-type=\"internal\" data-id=\"#Machine-Learning\">Machine Learning Driven Robot Motion Design and Implementation in a Web-based Mechanism Design Software<\/a><\/li>\n\n\n\n<li><a href=\"#Lateral-and-torsional-rotordynamics\">Lateral and torsional rotordynamics in electromechanical applications<\/a><\/li>\n\n\n\n<li><a href=\"#Mechanisms-For-Sustainable-Energy-Systems\">Mechanisms for Sustainable Energy Systems<\/a><\/li>\n\n\n\n<li><a href=\"#Tribology\">Tribology<\/a><\/li>\n\n\n\n<li class=\"has-small-font-size\"><a href=\"#Simulation\" data-type=\"internal\" data-id=\"#Simulation of Dynamics and Vibrations in Engines and Powertrains\">Simulation of Dynamics and Vibrations in Engines and Powertrains<\/a><\/li>\n<\/ul>\n\n\n\n<hr class=\"wp-block-separator has-alpha-channel-opacity is-style-wide\"\/>\n\n\n\n<h2 class=\"wp-block-heading has-medium-font-size\" id=\"Machine-Learning\"><em>Machine Learning Driven Robot Motion Design and Implementation in a Web-based Mechanism Design Software<\/em><\/h2>\n\n\n\n<p class=\"has-small-font-size\">by Technical Committee for Linkages and Mechanical Controls<\/p>\n\n\n\n<p class=\"has-small-font-size\"><strong>13:00-16:00 on 5<sup>th<\/sup> November 2023<\/strong><\/p>\n\n\n\n<p class=\"has-small-font-size\"><strong>Room: 42F Takao<\/strong><\/p>\n\n\n\n<p class=\"has-small-font-size\"><strong><mark style=\"background-color:rgba(0, 0, 0, 0);color:#ff0000\" class=\"has-inline-color\">Request for participants: Please bring your laptop.<\/mark><\/strong><\/p>\n\n\n\n<p class=\"has-small-font-size\">This workshop will introduce attendees to a new computational framework which brings together machine learning with rigid body kinematics for simultaneous type and dimensional synthesis of mechanisms. Attendees will also be exposed to a new web-based mechanism design software, which implements research methods developed in the aforementioned framework. They will learn to use the software tool for designing and modeling planar N-bar, single- and multi-degree-of-freedom mechanisms and bring it back to their institutions for potential integration in their classrooms. The attendees will also engage in physical prototyping of their mechanisms using an in-house developed robot kit to take home. This work has been supported by several National Science Foundation grants.<\/p>\n\n\n\n<hr class=\"wp-block-separator has-alpha-channel-opacity is-style-wide\"\/>\n\n\n\n<h2 class=\"wp-block-heading has-medium-font-size\" id=\"Lateral-and-torsional-rotordynamics\"><em>Lateral and torsional rotordynamics in electromechanical applications<\/em><\/h2>\n\n\n\n<p class=\"has-small-font-size\">By Technical Committee for Dynamics of Rotating Machines<\/p>\n\n\n\n<p class=\"has-small-font-size\"><strong>9:30-15:30 on 5<sup>th<\/sup> November 2023<\/strong><\/p>\n\n\n\n<p class=\"has-small-font-size\"><strong>Room: 42F Musashi<\/strong><\/p>\n\n\n\n<p class=\"has-small-font-size\"><mark style=\"background-color:rgba(0, 0, 0, 0);color:#ff0000\" class=\"has-inline-color\"><strong>Request for participants: Please bring your laptop.<\/strong><\/mark><\/p>\n\n\n\n<p class=\"has-small-font-size\"><em>Introduction to rotating machines<\/em>, Prof. Horst Ecker, TU Vienna, Austria<br><em>Fundamentals of rotordynamics<\/em>, Prof. Sanjin Braut, University of Rijeka, Croatia<br><em>Lateral rotordynamics of electrical machines<\/em>, Prof. Jussi Sopanen, LUT University, Finland<\/p>\n\n\n\n<p class=\"has-small-font-size\">Coffee break (30 min)<\/p>\n\n\n\n<p class=\"has-small-font-size\"><em>Design of high-speed and high-power electrical machines<\/em>, Prof. Emil Kurvinen, University of Oulu, Finland<br><em>Vertical Hydropower Rotors<\/em>, Prof. Jan-Olov Aidanp\u00e4\u00e4, Lule\u00e5 University of Technology, Sweden<br><em>Torsional rotordynamics of electrical powertrains<\/em>, Dr. Timo Holopainen, ABB Large Motors &amp; Generators, Finland<\/p>\n\n\n\n<p class=\"has-small-font-size\">Lunch break (60 min)<\/p>\n\n\n\n<p class=\"has-small-font-size\"><em>Exercise: Torsional rotordynamics with python<\/em>, Prof. Raine Viitala, Aalto University, Finland, Dr. Canditate Sampo Laine, Aalto University, Finland<\/p>\n\n\n\n<p class=\"has-small-font-size\"><em>Summary discussion between lecturers and audience<\/em>, Prof. Horst Ecker, TU Vienna, Austria<\/p>\n\n\n\n<hr class=\"wp-block-separator has-alpha-channel-opacity is-style-wide\"\/>\n\n\n\n<h2 class=\"wp-block-heading has-medium-font-size\" id=\"Mechanisms-For-Sustainable-Energy-Systems\"><em>Mechanisms for Sustainable Energy Systems<\/em><\/h2>\n\n\n\n<p class=\"has-small-font-size\">by Technical Committee for Sustainable Energy Systems<\/p>\n\n\n\n<p class=\"has-small-font-size\"><strong>9:00-11:00 on 5<sup>th<\/sup> November 2023<\/strong><\/p>\n\n\n\n<p class=\"has-small-font-size\"><strong>Room: 42F Tama<\/strong><\/p>\n\n\n\n<p class=\"has-small-font-size\"><strong>Request for participants: None<\/strong><\/p>\n\n\n\n<p class=\"has-small-font-size\">Associate Professor PhD eng. Macedon Moldovan, Renewable Energy Systems and Recycling Research Centre, Faculty of Product Design and Environment, Transilvania University of Brasov, Romania<\/p>\n\n\n\n<ol type=\"1\" class=\"has-small-font-size wp-block-list\">\n<li>Sustainable Development. The exponential growth of the world&#8217;s population in the last century has repeatedly raised questions about the ability of the Earth to provide enough resources to meet the needs of the present without compromising the ability of future generations to meet their own needs. The concept of Sustainable Development is discussed together with the Sustainable Development Goals (SDGs) of the 2030 Agenda for Sustainable Development.<\/li>\n\n\n\n<li>Sustainable Energy. Sustainable Energy is a main part of the Sustainable Development. According to SDG 7, the access to clean and affordable energy is key to the development of all activity sectors. The three pillars of Sustainable Energy (energy saving, energy efficiency and renewable energy) are discussed.<\/li>\n\n\n\n<li>Mechanisms for solar tracking systems. One of the most accessible renewable energies is solar energy which can be converted into the two most used forms of energy today: electricity and thermal energy. The main aspects related to available and received solar energy are presented, focusing on the advantages brought by the solar tracking systems and on the existing mechanisms used in solar tracking systems.<\/li>\n<\/ol>\n\n\n\n<hr class=\"wp-block-separator has-alpha-channel-opacity is-style-wide\"\/>\n\n\n\n<h2 class=\"wp-block-heading has-medium-font-size\" id=\"Tribology\"><strong><em>Tribology<\/em><\/strong><\/h2>\n\n\n\n<p class=\"has-small-font-size\">by Technical Committee for Tribology<\/p>\n\n\n\n<p class=\"has-small-font-size\"><strong>13:00-15:00 on 5<sup>th<\/sup> November 2023<\/strong><\/p>\n\n\n\n<p class=\"has-small-font-size\"><strong>Room: 42F Tama<\/strong><\/p>\n\n\n\n<p class=\"has-small-font-size\"><strong>Request for participants: None<\/strong><\/p>\n\n\n\n<p class=\"has-small-font-size\"><strong>1. Introduction to Tribology:<\/strong><br>  Interdisciplinarity, Vastness and Sustainability of Tribology<\/p>\n\n\n\n<p class=\"has-small-font-size\"><strong>2. Fundamentals of Tribology:<\/strong><br>  Friction, Wear and Lubrication Basic Laws and Experimental Tests<\/p>\n\n\n\n<p class=\"has-small-font-size\"><strong>3. Sample Tribology problems<\/strong><\/p>\n\n\n\n<hr class=\"wp-block-separator has-alpha-channel-opacity\"\/>\n\n\n\n<h2 class=\"wp-block-heading has-medium-font-size\" id=\"Simulation\"><strong><em><strong><em>Simulation of Dynamics and Vibrations in Engines and Powertrains<\/em><\/strong><\/em><\/strong><\/h2>\n\n\n\n<p class=\"has-small-font-size\">by Technical Committee for Engines and Powertrains<\/p>\n\n\n\n<p class=\"has-small-font-size\"><strong>9:00-11:00 on 5<sup>th<\/sup> November 2023<\/strong><\/p>\n\n\n\n<p class=\"has-small-font-size\"><strong>Room: 42F Takao<\/strong><\/p>\n\n\n\n<p class=\"has-small-font-size\"><strong>Request for participants: None<\/strong><\/p>\n\n\n\n<p class=\"has-small-font-size\">This four-part tutorial will be presented by Dr. Tigran Parikyan, Advanced Simulation Technologies, AVL List GmbH, Graz, Austria<\/p>\n\n\n\n<p class=\"has-small-font-size\">1. Structured dynamic model of crankshaft and its generation; modal analysis; forced response in time domain.<\/p>\n\n\n\n<p class=\"has-small-font-size\">2. Equivalent torsional model of crankshaft and torsional vibration analysis of internal combustion engine-based powertrains in frequency domain; optimal layout of torsional vibration damper.<\/p>\n\n\n\n<p class=\"has-small-font-size\">&lt;&lt;Coffee break (20 min)&gt;&gt;<\/p>\n\n\n\n<p class=\"has-small-font-size\">3. 3D dynamic analysis of cranktrain in frequency domain; pre-calculation of bearing dynamic loads and pre-assessment of crankshaft durability in web fillets.<\/p>\n\n\n\n<p class=\"has-small-font-size\">4. Dynamic analysis of engine mounts in frequency domain.<\/p>\n\n\n\n<p class=\"has-small-font-size\">During the tutorial, the capabilities of software tools of the simulation suite AVL EXCITE\u2122 will be demonstrated. After presenting each part, there will be a discussion with the audience.<\/p>\n","protected":false},"excerpt":{"rendered":"<p>Notice: Please go directly to the room of each tutorial. List of tutrials Machine Learning Driven Robot Motion Design and Implementation in a Web-based Mechanism &hellip; <\/p>\n","protected":false},"author":1,"featured_media":0,"parent":0,"menu_order":0,"comment_status":"closed","ping_status":"closed","template":"","meta":{"footnotes":""},"class_list":["post-663","page","type-page","status-publish","hentry"],"_links":{"self":[{"href":"https:\/\/wc2023.jc-iftomm.org\/index.php?rest_route=\/wp\/v2\/pages\/663","targetHints":{"allow":["GET"]}}],"collection":[{"href":"https:\/\/wc2023.jc-iftomm.org\/index.php?rest_route=\/wp\/v2\/pages"}],"about":[{"href":"https:\/\/wc2023.jc-iftomm.org\/index.php?rest_route=\/wp\/v2\/types\/page"}],"author":[{"embeddable":true,"href":"https:\/\/wc2023.jc-iftomm.org\/index.php?rest_route=\/wp\/v2\/users\/1"}],"replies":[{"embeddable":true,"href":"https:\/\/wc2023.jc-iftomm.org\/index.php?rest_route=%2Fwp%2Fv2%2Fcomments&post=663"}],"version-history":[{"count":20,"href":"https:\/\/wc2023.jc-iftomm.org\/index.php?rest_route=\/wp\/v2\/pages\/663\/revisions"}],"predecessor-version":[{"id":1120,"href":"https:\/\/wc2023.jc-iftomm.org\/index.php?rest_route=\/wp\/v2\/pages\/663\/revisions\/1120"}],"wp:attachment":[{"href":"https:\/\/wc2023.jc-iftomm.org\/index.php?rest_route=%2Fwp%2Fv2%2Fmedia&parent=663"}],"curies":[{"name":"wp","href":"https:\/\/api.w.org\/{rel}","templated":true}]}}